{"id":332,"date":"2019-03-12T10:18:30","date_gmt":"2019-03-12T09:18:30","guid":{"rendered":"https:\/\/www.carboflotta.com\/?page_id=332"},"modified":"2026-04-03T12:05:35","modified_gmt":"2026-04-03T10:05:35","slug":"politiche-aziendali","status":"publish","type":"page","link":"https:\/\/www.carboflotta.com\/it\/politiche-aziendali\/","title":{"rendered":"Politiche Aziendali"},"content":{"rendered":"<div class=\"wpb-content-wrapper\"><p>[vc_row css_animation=&#8221;&#8221; row_type=&#8221;row&#8221; use_row_as_full_screen_section=&#8221;no&#8221; type=&#8221;full_width&#8221; angled_section=&#8221;no&#8221; text_align=&#8221;left&#8221; background_image_as_pattern=&#8221;without_pattern&#8221;][vc_column][vc_column_text css=&#8221;.vc_custom_1638368397981{margin-bottom: 20px !important;}&#8221;]<\/p>\n<h3>The way we sail: Our Vision<\/h3>\n<p>[\/vc_column_text][vc_column_text]La nostra lunga tradizione armatoriale si fonda sui valori alla base della nostra famiglia e della nostra azienda. Crediamo in una forte <strong>connessione tra il rispetto sociale ed ambientale e i risultati commerciali<\/strong>. Pertanto tutte le nostre navi (costruite per noi o acquistate da Armatori di prim\u2019ordine) rispondono a <strong>standard di eccellenza<\/strong>.<\/p>\n<p>La struttura del Gruppo ci permette di essere flessibili, reagire alle opportunit\u00e0 di mercato, prendere decisioni rapide e rispondere alle esigenze dei clienti, i quali possono relazionarsi direttamente con il top management e gli Armatori.<\/p>\n<p>La nostra filosofia d\u2019impresa \u00e8 incardinata su <strong>professionalit\u00e0 e tradizione, sicurezza e trasparenza<\/strong>, con un costante impegno allo sviluppo di un ambiente di lavoro sano e collaborativo.<\/p>\n<p>La Compagnia, adottando una rigida politica di <strong>&#8220;zero sversamenti in mare&#8221;<\/strong>, ambisce ad eliminare all&#8217;origine qualsiasi possibilit\u00e0 di inquinamento, assicurando il mantenimento di elevati standard in materia di sicurezza e ambiente, in conformit\u00e0 alle leggi, ai regolamenti ed alle convenzioni in essere.<\/p>\n<p>Attraverso un <strong>impegno continuo<\/strong>, la Compagnia mira al costante mantenimento del suo obiettivo primario:[\/vc_column_text][vc_row_inner row_type=&#8221;row&#8221; type=&#8221;full_width&#8221; text_align=&#8221;left&#8221; css_animation=&#8221;&#8221; css=&#8221;.vc_custom_1554814650857{margin-top: 30px !important;}&#8221;][vc_column_inner width=&#8221;1\/4&#8243;][\/vc_column_inner][vc_column_inner width=&#8221;1\/4&#8243;]<div class='q_icon_with_title tiny custom_icon_image '><div class=\"icon_holder \" style=\" \"><img decoding=\"async\" src=\"https:\/\/www.carboflotta.com\/wp-content\/uploads\/2019\/04\/ico-accidents.png\" alt=\"\"><\/div><div class=\"icon_text_holder\" style=\"\"><div class=\"icon_text_inner\" style=\"\"><h4 class=\"icon_title\" style=\"\">ZERO INCIDENTI<\/h4><p style=''><\/p><\/div><\/div><\/div>[\/vc_column_inner][vc_column_inner width=&#8221;1\/4&#8243;]<div class='q_icon_with_title tiny custom_icon_image '><div class=\"icon_holder \" style=\" \"><img decoding=\"async\" src=\"https:\/\/www.carboflotta.com\/wp-content\/uploads\/2019\/04\/ico-pollution.png\" alt=\"\"><\/div><div class=\"icon_text_holder\" style=\"\"><div class=\"icon_text_inner\" style=\"\"><h4 class=\"icon_title\" style=\"\">ZERO INQUINAMENTO<\/h4><p style=''><\/p><\/div><\/div><\/div>[\/vc_column_inner][vc_column_inner width=&#8221;1\/4&#8243;][\/vc_column_inner][\/vc_row_inner][\/vc_column][\/vc_row][vc_row css_animation=&#8221;&#8221; row_type=&#8221;row&#8221; use_row_as_full_screen_section=&#8221;no&#8221; type=&#8221;full_width&#8221; angled_section=&#8221;no&#8221; text_align=&#8221;left&#8221; background_image_as_pattern=&#8221;without_pattern&#8221; css=&#8221;.vc_custom_1554127486969{margin-top: 30px !important;margin-bottom: 30px !important;}&#8221; z_index=&#8221;&#8221;][vc_column][vc_column_text css=&#8221;.vc_custom_1565182083776{margin-bottom: 20px !important;}&#8221;]<\/p>\n<h3><\/h3>\n<p>&nbsp;<\/p>\n<h3>Sicurezza e Qualit\u00e0<\/h3>\n<p>&nbsp;<\/p>\n<p>Le nostre navi sono soggette a un monitoraggio costante, al fine di garantire la conformit\u00e0 a tutte le normative <strong>IMO<\/strong>\u00a0e <strong>MARPOL, <\/strong>e a tutti i regolamenti e le convenzioni internazionali in essere.<\/p>\n<p>&nbsp;<\/p>\n<p>Al fine di garantire la massima qualit\u00e0 nei servizi, Carbofin gestisce e controlla direttamente ogni aspetto dell&#8217;esercizio armatoriale, attraverso il proprio ufficio Equipaggi, l&#8217;ufficio Tecnico e il proprio Dipartimento Sicurezza, Qualit\u00e0 e Ambiente.[\/vc_column_text][vc_column_text][\/vc_column_text][vc_single_image image=&#8221;1037&#8243; img_size=&#8221;full&#8221; qode_css_animation=&#8221;&#8221; css=&#8221;.vc_custom_1555679944145{margin-top: 40px !important;margin-bottom: 40px !important;}&#8221;][\/vc_column][\/vc_row]<\/p>\n<p>&nbsp;<\/p>\n<p>[vc_row css_animation=&#8221;&#8221; row_type=&#8221;row&#8221; use_row_as_full_screen_section=&#8221;no&#8221; type=&#8221;full_width&#8221; angled_section=&#8221;no&#8221; text_align=&#8221;left&#8221; background_image_as_pattern=&#8221;without_pattern&#8221; css=&#8221;.vc_custom_1668770395024{margin-top: 30px !important;margin-bottom: 30px !important;}&#8221; z_index=&#8221;&#8221;]<br \/>\n[vc_column width=&#8221;2\/3&#8243;][vc_column_text css=&#8221;.vc_custom_1668770231920{margin-bottom: 20px !important;}&#8221;]<\/p>\n<h3>Sostenibilit\u00e0 ambientale, sociale ed economica.<\/h3>\n<p>&nbsp;<\/p>\n<p>A partire dal 2022, Carbofin ha avviato un percorso rigoroso volto al rafforzamento della <strong>governance di sostenibilit\u00e0<\/strong>, al consolidamento della cultura interna, alla misurazione e comunicazione delle sue <strong>performance ESG<\/strong> e del valore ambientale, sociale ed economico prodotto per gli stakeholder interni ed esterni.<\/p>\n<p>&nbsp;<\/p>\n<p>L&#8217;esito di questo lavoro annuale \u00e8 il <strong>Bilancio di Sostenibilit\u00e0 del Gruppo Carboflotta<\/strong>, risultato di un approfondito assessment sulle attivit\u00e0 del Gruppo, di una rilettura strategica di tutto quanto gi\u00e0 realizzato in termini di sostenibilit\u00e0 e della costruzione di un solido sistema di misurazione e monitoraggio ESG.<\/p>\n<p>[\/vc_column_text]<br \/>\n[vc_column_text]<br \/>\n[\/vc_column_text]<br \/>\n[vc_empty_space]<\/p>\n<div class=\"q_icon_with_title tiny normal_icon\">\n\t<div class=\"icon_holder\">\n\t\t<span data-icon-type=\"normal\" class=\"qode_iwt_icon_holder q_font_awsome_icon fa-lg\">\n\t\t\t<i class=\"qodef-icon-dripicons dripicon dripicons-download qode_iwt_icon_element\"><\/i>\n\t\t<\/span>\n \t<\/div>\n\n \t<div class=\"icon_text_holder\">\n\t\t<div class=\"icon_text_inner\">\n\t\t\t<a itemprop=\"url\" href=\"https:\/\/www.carboflotta.com\/wp-content\/uploads\/2026\/04\/Carboflotta-Bilancio-di-Sostenibilita-2024-Web.pdf\" target=\"_blank\">\n\t\t\t\t<h5 class=\"icon_title\" style=\"color: #0a0a0a;\">Bilancio di Sostenibilit\u00e0 2024<\/h5>\n\t\t\t<\/a>\n\t\t\t<p><\/p>\n\t\t\t<a itemprop=\"url\" class=\"icon_with_title_link\" href=\"https:\/\/www.carboflotta.com\/wp-content\/uploads\/2026\/04\/Carboflotta-Bilancio-di-Sostenibilita-2024-Web.pdf\" target=\"_blank\"><\/a>\n\t\t<\/div>\n\t<\/div>\n<\/div>\n\n<div class=\"q_icon_with_title tiny normal_icon\">\n\t<div class=\"icon_holder\">\n\t\t<span data-icon-type=\"normal\" class=\"qode_iwt_icon_holder q_font_awsome_icon fa-lg\">\n\t\t\t<i class=\"qodef-icon-dripicons dripicon dripicons-download qode_iwt_icon_element\"><\/i>\n\t\t<\/span>\n \t<\/div>\n\n \t<div class=\"icon_text_holder\">\n\t\t<div class=\"icon_text_inner\">\n\t\t\t<a itemprop=\"url\" href=\"https:\/\/www.carboflotta.com\/wp-content\/uploads\/2025\/05\/Carboflotta-Bilancio-di-Sostenibilita-2023-Web_optimized.pdf\" target=\"_blank\">\n\t\t\t\t<h5 class=\"icon_title\" style=\"color: #0a0a0a;\">Bilancio di Sostenibilit\u00e0 2023<\/h5>\n\t\t\t<\/a>\n\t\t\t<p><\/p>\n\t\t\t<a itemprop=\"url\" class=\"icon_with_title_link\" href=\"https:\/\/www.carboflotta.com\/wp-content\/uploads\/2025\/05\/Carboflotta-Bilancio-di-Sostenibilita-2023-Web_optimized.pdf\" target=\"_blank\"><\/a>\n\t\t<\/div>\n\t<\/div>\n<\/div>\n\n<div class=\"q_icon_with_title tiny normal_icon\">\n\t<div class=\"icon_holder\">\n\t\t<span data-icon-type=\"normal\" class=\"qode_iwt_icon_holder q_font_awsome_icon fa-lg\">\n\t\t\t<i class=\"qodef-icon-dripicons dripicon dripicons-download qode_iwt_icon_element\"><\/i>\n\t\t<\/span>\n \t<\/div>\n\n \t<div class=\"icon_text_holder\">\n\t\t<div class=\"icon_text_inner\">\n\t\t\t<a itemprop=\"url\" href=\"https:\/\/www.carboflotta.com\/wp-content\/uploads\/2024\/07\/Carboflotta-BdS-2022-ITA-1.pdf\" target=\"_blank\">\n\t\t\t\t<h5 class=\"icon_title\" style=\"color: #0a0a0a;\">Bilancio di Sostenibilit\u00e0 2022<\/h5>\n\t\t\t<\/a>\n\t\t\t<p><\/p>\n\t\t\t<a itemprop=\"url\" class=\"icon_with_title_link\" href=\"https:\/\/www.carboflotta.com\/wp-content\/uploads\/2024\/07\/Carboflotta-BdS-2022-ITA-1.pdf\" target=\"_blank\"><\/a>\n\t\t<\/div>\n\t<\/div>\n<\/div>\n<p>[\/vc_column][vc_column width=&#8221;1\/3&#8243;][vc_single_image image=&#8221;3261&#8243; img_size=&#8221;full&#8221; qode_css_animation=&#8221;&#8221; onclick=&#8221;custom_link&#8221; link=&#8221;https:\/\/www.carboflotta.com\/wp-content\/uploads\/2026\/04\/Carboflotta-Bilancio-di-Sostenibilita-2024-Web.pdf&#8221;][\/vc_column][\/vc_row]<\/p>\n<p>&nbsp;<\/p>\n<p>[vc_row css_animation=&#8221;&#8221; row_type=&#8221;row&#8221; use_row_as_full_screen_section=&#8221;no&#8221; type=&#8221;grid&#8221; angled_section=&#8221;no&#8221; text_align=&#8221;left&#8221; background_image_as_pattern=&#8221;without_pattern&#8221; z_index=&#8221;&#8221; css=&#8221;.vc_custom_1554366487939{margin-bottom: 40px !important;}&#8221;][vc_column][vc_column_text css=&#8221;.vc_custom_1560761439604{margin-bottom: 30px !important;}&#8221;]<\/p>\n<p>&nbsp;<\/p>\n<h3 id=\"parent-fieldname-title\" class=\"documentFirstHeading\" style=\"text-align: left;\">Integrated Management System<\/h3>\n<p>[\/vc_column_text][vc_column_text]Il Gruppo lavora costantemente per mantenere l\u2019ambiente lavorativo ai massimi standard del settore.<\/p>\n<p>&nbsp;<\/p>\n<p>Il nostro <strong>Sistema di Gestione Integrato (IMS)<\/strong> \u00e8 sviluppato con un approccio basato sull&#8217;analisi accurata dei processi, con l&#8217;obiettivo di identificare, migliorare e mantenere un modello organizzativo dinamico. Ci\u00f2 consente un processo decisionale pi\u00f9 semplice e rapido, con l&#8217;implementazione di coerenti piani di azione preventivi e correttivi.<\/p>\n<p>&nbsp;<\/p>\n<p>La continua <strong>misurazione e analisi degli indicatori di performance<\/strong> e l&#8217;implementazione delle relative <strong>azioni correttive<\/strong>, unitamente a continue ispezioni interne, sia a bordo che a terra, consentono il continuo miglioramento dell&#8217;azienda in termini di <strong>sicurezza, responsabilit\u00e0 sociale<\/strong> e <strong>soddisfazione degli stakeholder<\/strong>, oltre a garantire il rispetto di tutte le numerose <strong>normative nazionali e internazionali<\/strong>.<\/p>\n<p>[\/vc_column_text]<\/p>\n<p>&nbsp;<\/p>\n<p>[vc_row css_animation=&#8221;&#8221; row_type=&#8221;row&#8221; use_row_as_full_screen_section=&#8221;no&#8221; type=&#8221;grid&#8221; angled_section=&#8221;no&#8221; text_align=&#8221;left&#8221; background_image_as_pattern=&#8221;without_pattern&#8221; z_index=&#8221;&#8221;][vc_column][vc_column_text css=&#8221;.vc_custom_1554123594832{margin-bottom: 30px !important;}&#8221;]<\/p>\n<h3 id=\"parent-fieldname-title\" class=\"documentFirstHeading\" style=\"text-align: center;\">Kpi<\/h3>\n<p>[\/vc_column_text][vc_row_inner row_type=&#8221;row&#8221; type=&#8221;full_width&#8221; text_align=&#8221;left&#8221; css_animation=&#8221;&#8221;][vc_column_inner width=&#8221;1\/2&#8243; offset=&#8221;vc_col-lg-3 vc_col-md-3&#8243;]<div class=\"q_icon_list\"><i class=\"qode_icon_font_awesome fa fa-check qode-ili-icon-holder circle\" style=\"color: #ffffff;background-color: #6e89c9;border-color:#6e89c9;border-style: solid;border-width: 1px;\" ><\/i><p style=\"color:#0a0a0a;font-weight: 500;\">Around 70 Key Performance Indicators are monitored quarterly<\/p><\/div>[\/vc_column_inner][vc_column_inner width=&#8221;1\/2&#8243; offset=&#8221;vc_col-lg-3 vc_col-md-3&#8243;]<div class=\"q_icon_list\"><i class=\"qode_icon_font_awesome fa fa-check qode-ili-icon-holder circle\" style=\"color: #ffffff;background-color: #6e89c9;border-color:#6e89c9;border-style: solid;border-width: 1px;\" ><\/i><p style=\"color:#0a0a0a;font-weight: 500;\">Most of the KPI are per Bimco \u2013 Shipping KPIs definition<\/p><\/div>[\/vc_column_inner][vc_column_inner width=&#8221;1\/2&#8243; offset=&#8221;vc_col-lg-3 vc_col-md-3&#8243;]<div class=\"q_icon_list\"><i class=\"qode_icon_font_awesome fa fa-check qode-ili-icon-holder circle\" style=\"color: #ffffff;background-color: #6e89c9;border-color:#6e89c9;border-style: solid;border-width: 1px;\" ><\/i><p style=\"color:#0a0a0a;font-weight: 500;\">Senior Ship\u2019s staff is actively involved in the PI collections<\/p><\/div>[\/vc_column_inner][vc_column_inner width=&#8221;1\/2&#8243; offset=&#8221;vc_col-lg-3 vc_col-md-3&#8243;]<div class=\"q_icon_list\"><i class=\"qode_icon_font_awesome fa fa-check qode-ili-icon-holder circle\" style=\"color: #ffffff;background-color: #6e89c9;border-color:#6e89c9;border-style: solid;border-width: 1px;\" ><\/i><p style=\"color:#0a0a0a;font-weight: 500;\">Most significant KPIs are discussed by Senior Management quarterly<\/p><\/div>[\/vc_column_inner][\/vc_row_inner][\/vc_column][\/vc_row]<\/p>\n<p>&nbsp;<\/p>\n<p>[vc_row css_animation=&#8221;&#8221; row_type=&#8221;row&#8221; use_row_as_full_screen_section=&#8221;no&#8221; type=&#8221;full_width&#8221; angled_section=&#8221;no&#8221; text_align=&#8221;left&#8221; background_image_as_pattern=&#8221;without_pattern&#8221; padding_top=&#8221;40&#8243; padding_bottom=&#8221;40&#8243; z_index=&#8221;&#8221;][vc_column]<div class=\"qode-advanced-image-gallery  qode-aig-grid-type qode-small-space  qode-image-behavior-lightbox \">\n\t<div class=\"qode-aig-inner qode-outer-space qode-aig-grid qode-aig-three-columns\">\n\t\t\t\t\t<div class=\"qode-aig-image qode-item-space\">\n\t\t\t\t<div class=\"qode-aig-image-inner\">\n\t\t\t\t\t\t\t\t\t\t\t<a itemprop=\"image\" class=\"qode-aig-lightbox\" href=\"https:\/\/www.carboflotta.com\/wp-content\/uploads\/2019\/04\/compressori.jpg\" data-rel=\"prettyPhoto[image_gallery_pretty_photo-476]\" title=\"compressori\">\n\t\t\t\t\t\t\t\t\t\t\t<img loading=\"lazy\" decoding=\"async\" width=\"1024\" height=\"576\" src=\"https:\/\/www.carboflotta.com\/wp-content\/uploads\/2019\/04\/compressori-1024x576.jpg\" class=\"attachment-large size-large\" alt=\"\" srcset=\"https:\/\/www.carboflotta.com\/wp-content\/uploads\/2019\/04\/compressori-1024x576.jpg 1024w, https:\/\/www.carboflotta.com\/wp-content\/uploads\/2019\/04\/compressori-300x169.jpg 300w, https:\/\/www.carboflotta.com\/wp-content\/uploads\/2019\/04\/compressori-768x432.jpg 768w, https:\/\/www.carboflotta.com\/wp-content\/uploads\/2019\/04\/compressori-700x394.jpg 700w, https:\/\/www.carboflotta.com\/wp-content\/uploads\/2019\/04\/compressori-539x303.jpg 539w, https:\/\/www.carboflotta.com\/wp-content\/uploads\/2019\/04\/compressori.jpg 1920w\" sizes=\"auto, (max-width: 1024px) 100vw, 1024px\" \/>\t\t\t\t\t\t<span class=\"aig-gallery-hover\">\n\t\t\t\t\t\t\t\t\t\t\t\t\t\t\t<span class=\"icon-arrows-plus\"><\/span> \n\t\t\t\t\t\t\t\t\t\t\t\t\t<\/span>\n\t\t\t\t\t\t\t\t\t\t\t<\/a>\n\t\t\t\t\t\t\t\t\t<\/div>\n\t\t\t<\/div>\n\t\t\t\t\t\t\t\t<div class=\"qode-aig-image qode-item-space\">\n\t\t\t\t<div class=\"qode-aig-image-inner\">\n\t\t\t\t\t\t\t\t\t\t\t<a itemprop=\"image\" class=\"qode-aig-lightbox\" href=\"https:\/\/www.carboflotta.com\/wp-content\/uploads\/2019\/04\/sala-macchine-2.jpg\" data-rel=\"prettyPhoto[image_gallery_pretty_photo-476]\" title=\"sala-macchine-2\">\n\t\t\t\t\t\t\t\t\t\t\t<img loading=\"lazy\" decoding=\"async\" width=\"1024\" height=\"576\" src=\"https:\/\/www.carboflotta.com\/wp-content\/uploads\/2019\/04\/sala-macchine-2-1024x576.jpg\" class=\"attachment-large size-large\" alt=\"\" srcset=\"https:\/\/www.carboflotta.com\/wp-content\/uploads\/2019\/04\/sala-macchine-2-1024x576.jpg 1024w, https:\/\/www.carboflotta.com\/wp-content\/uploads\/2019\/04\/sala-macchine-2-300x169.jpg 300w, https:\/\/www.carboflotta.com\/wp-content\/uploads\/2019\/04\/sala-macchine-2-768x432.jpg 768w, https:\/\/www.carboflotta.com\/wp-content\/uploads\/2019\/04\/sala-macchine-2-700x394.jpg 700w, https:\/\/www.carboflotta.com\/wp-content\/uploads\/2019\/04\/sala-macchine-2-539x303.jpg 539w, https:\/\/www.carboflotta.com\/wp-content\/uploads\/2019\/04\/sala-macchine-2.jpg 1920w\" sizes=\"auto, (max-width: 1024px) 100vw, 1024px\" \/>\t\t\t\t\t\t<span class=\"aig-gallery-hover\">\n\t\t\t\t\t\t\t\t\t\t\t\t\t\t\t<span class=\"icon-arrows-plus\"><\/span> \n\t\t\t\t\t\t\t\t\t\t\t\t\t<\/span>\n\t\t\t\t\t\t\t\t\t\t\t<\/a>\n\t\t\t\t\t\t\t\t\t<\/div>\n\t\t\t<\/div>\n\t\t\t\t\t\t\t\t<div class=\"qode-aig-image qode-item-space\">\n\t\t\t\t<div class=\"qode-aig-image-inner\">\n\t\t\t\t\t\t\t\t\t\t\t<a itemprop=\"image\" class=\"qode-aig-lightbox\" href=\"https:\/\/www.carboflotta.com\/wp-content\/uploads\/2019\/04\/sala-macchine.jpg\" data-rel=\"prettyPhoto[image_gallery_pretty_photo-476]\" title=\"sala-macchine\">\n\t\t\t\t\t\t\t\t\t\t\t<img loading=\"lazy\" decoding=\"async\" width=\"1024\" height=\"576\" src=\"https:\/\/www.carboflotta.com\/wp-content\/uploads\/2019\/04\/sala-macchine-1024x576.jpg\" class=\"attachment-large size-large\" alt=\"\" srcset=\"https:\/\/www.carboflotta.com\/wp-content\/uploads\/2019\/04\/sala-macchine-1024x576.jpg 1024w, https:\/\/www.carboflotta.com\/wp-content\/uploads\/2019\/04\/sala-macchine-300x169.jpg 300w, https:\/\/www.carboflotta.com\/wp-content\/uploads\/2019\/04\/sala-macchine-768x432.jpg 768w, https:\/\/www.carboflotta.com\/wp-content\/uploads\/2019\/04\/sala-macchine-700x394.jpg 700w, https:\/\/www.carboflotta.com\/wp-content\/uploads\/2019\/04\/sala-macchine-539x303.jpg 539w, https:\/\/www.carboflotta.com\/wp-content\/uploads\/2019\/04\/sala-macchine.jpg 1920w\" sizes=\"auto, (max-width: 1024px) 100vw, 1024px\" \/>\t\t\t\t\t\t<span class=\"aig-gallery-hover\">\n\t\t\t\t\t\t\t\t\t\t\t\t\t\t\t<span class=\"icon-arrows-plus\"><\/span> \n\t\t\t\t\t\t\t\t\t\t\t\t\t<\/span>\n\t\t\t\t\t\t\t\t\t\t\t<\/a>\n\t\t\t\t\t\t\t\t\t<\/div>\n\t\t\t<\/div>\n\t\t\t\t\t\t<\/div>\n<\/div>[\/vc_column][\/vc_row]<\/p>\n<p>[vc_row_inner row_type=&#8221;row&#8221; type=&#8221;full_width&#8221; text_align=&#8221;left&#8221; css_animation=&#8221;&#8221; css=&#8221;.vc_custom_1623161222495{margin-top: 80px !important;}&#8221;][vc_column_inner width=&#8221;1\/2&#8243;][vc_column_text]<\/p>\n<h3>Certificazioni<\/h3>\n<p>&nbsp;<\/p>\n<p>Il nostro impegno costante nel mantenere sempre i pi\u00f9 alti standard di qualit\u00e0 e sicurezza.<\/p>\n<p>&nbsp;<\/p>\n<ul>\n<li><strong>ISO 9001 &#8211; Gestione della qualit\u00e0<\/strong><\/li>\n<li><strong>ISO 14001 &#8211; Gestione ambientale<\/strong><\/li>\n<li><strong>ISO 45001 &#8211; Gestione della salute e della sicurezza sul lavoro<\/strong><\/li>\n<\/ul>\n<p>[\/vc_column_text][\/vc_column_inner][vc_column_inner width=&#8221;1\/4&#8243;][vc_single_image image=&#8221;2586&#8243; img_size=&#8221;full&#8221; alignment=&#8221;center&#8221; qode_css_animation=&#8221;&#8221;][\/vc_column_inner][vc_column_inner width=&#8221;1\/4&#8243;][vc_single_image image=&#8221;2169&#8243; img_size=&#8221;full&#8221; alignment=&#8221;center&#8221; qode_css_animation=&#8221;&#8221;][\/vc_column_inner][\/vc_row_inner]<\/p>\n<p>&nbsp;<\/p>\n<p>&nbsp;<\/p>\n<p>[vc_row css_animation=&#8221;&#8221; row_type=&#8221;row&#8221; use_row_as_full_screen_section=&#8221;no&#8221; type=&#8221;full_width&#8221; angled_section=&#8221;no&#8221; text_align=&#8221;left&#8221; background_image_as_pattern=&#8221;without_pattern&#8221;][vc_column][vc_column_text css=&#8221;.vc_custom_1554127424522{margin-bottom: 20px !important;}&#8221;]<\/p>\n<h3>Download<\/h3>\n<p>[\/vc_column_text]<br \/>\n<div class=\"q_icon_with_title tiny normal_icon\">\n\t<div class=\"icon_holder\">\n\t\t<span data-icon-type=\"normal\" class=\"qode_iwt_icon_holder q_font_awsome_icon fa-lg\">\n\t\t\t<i class=\"qodef-icon-dripicons dripicon dripicons-download qode_iwt_icon_element\"><\/i>\n\t\t<\/span>\n \t<\/div>\n\n \t<div class=\"icon_text_holder\">\n\t\t<div class=\"icon_text_inner\">\n\t\t\t<a itemprop=\"url\" href=\"https:\/\/www.carboflotta.com\/wp-content\/uploads\/2025\/05\/CARBOFIN-S.p.A.-Codice-etico.pdf\" target=\"_blank\">\n\t\t\t\t<h5 class=\"icon_title\" style=\"color: #0a0a0a;\">Codice Etico<\/h5>\n\t\t\t<\/a>\n\t\t\t<p>Modello di Organizzazione, Gestione e Controllo<\/p>\n\t\t\t<a itemprop=\"url\" class=\"icon_with_title_link\" href=\"https:\/\/www.carboflotta.com\/wp-content\/uploads\/2025\/05\/CARBOFIN-S.p.A.-Codice-etico.pdf\" target=\"_blank\">Scarica il documento<\/a>\n\t\t<\/div>\n\t<\/div>\n<\/div>\n\n<br \/>\n<div class=\"q_icon_with_title tiny normal_icon\">\n\t<div class=\"icon_holder\">\n\t\t<span data-icon-type=\"normal\" class=\"qode_iwt_icon_holder q_font_awsome_icon fa-lg\">\n\t\t\t<i class=\"qodef-icon-dripicons dripicon dripicons-download qode_iwt_icon_element\"><\/i>\n\t\t<\/span>\n \t<\/div>\n\n \t<div class=\"icon_text_holder\">\n\t\t<div class=\"icon_text_inner\">\n\t\t\t<a itemprop=\"url\" href=\"https:\/\/www.carboflotta.com\/wp-content\/uploads\/2026\/02\/Sistema-disciplinare-di-Gruppo-01-2026.pdf\" target=\"_blank\">\n\t\t\t\t<h5 class=\"icon_title\" style=\"color: #0a0a0a;\">Sistema disciplinare<\/h5>\n\t\t\t<\/a>\n\t\t\t<p>Modello di Organizzazione, Gestione e Controllo<\/p>\n\t\t\t<a itemprop=\"url\" class=\"icon_with_title_link\" href=\"https:\/\/www.carboflotta.com\/wp-content\/uploads\/2026\/02\/Sistema-disciplinare-di-Gruppo-01-2026.pdf\" target=\"_blank\">Scarica il documento<\/a>\n\t\t<\/div>\n\t<\/div>\n<\/div>\n\n<br \/>\n<div class=\"q_icon_with_title tiny normal_icon\">\n\t<div class=\"icon_holder\">\n\t\t<span data-icon-type=\"normal\" class=\"qode_iwt_icon_holder q_font_awsome_icon fa-lg\">\n\t\t\t<i class=\"qodef-icon-dripicons dripicon dripicons-download qode_iwt_icon_element\"><\/i>\n\t\t<\/span>\n \t<\/div>\n\n \t<div class=\"icon_text_holder\">\n\t\t<div class=\"icon_text_inner\">\n\t\t\t<a itemprop=\"url\" href=\"https:\/\/www.carboflotta.com\/wp-content\/uploads\/2022\/03\/Environmental-Policy-2021-Rev.3.pdf\" target=\"_blank\">\n\t\t\t\t<h5 class=\"icon_title\" style=\"color: #0a0a0a;\">Environmental Policy<\/h5>\n\t\t\t<\/a>\n\t\t\t<p>Environmental protection and management<\/p>\n\t\t\t<a itemprop=\"url\" class=\"icon_with_title_link\" href=\"https:\/\/www.carboflotta.com\/wp-content\/uploads\/2022\/03\/Environmental-Policy-2021-Rev.3.pdf\" target=\"_blank\">Scarica il documento<\/a>\n\t\t<\/div>\n\t<\/div>\n<\/div>\n\n<br \/>\n[\/vc_column]<br \/>\n[\/vc_row]<\/p>\n<\/div>","protected":false},"excerpt":{"rendered":"<p>[vc_row css_animation=&#8221;&#8221; row_type=&#8221;row&#8221; use_row_as_full_screen_section=&#8221;no&#8221; type=&#8221;full_width&#8221; angled_section=&#8221;no&#8221; text_align=&#8221;left&#8221; background_image_as_pattern=&#8221;without_pattern&#8221;][vc_column][vc_column_text css=&#8221;.vc_custom_1638368397981{margin-bottom: 20px !important;}&#8221;] The way we sail: Our Vision [\/vc_column_text][vc_column_text]La nostra lunga&#8230;<\/p>\n","protected":false},"author":10,"featured_media":0,"parent":0,"menu_order":0,"comment_status":"closed","ping_status":"closed","template":"","meta":{"footnotes":""},"class_list":["post-332","page","type-page","status-publish","hentry"],"_links":{"self":[{"href":"https:\/\/www.carboflotta.com\/it\/wp-json\/wp\/v2\/pages\/332","targetHints":{"allow":["GET"]}}],"collection":[{"href":"https:\/\/www.carboflotta.com\/it\/wp-json\/wp\/v2\/pages"}],"about":[{"href":"https:\/\/www.carboflotta.com\/it\/wp-json\/wp\/v2\/types\/page"}],"author":[{"embeddable":true,"href":"https:\/\/www.carboflotta.com\/it\/wp-json\/wp\/v2\/users\/10"}],"replies":[{"embeddable":true,"href":"https:\/\/www.carboflotta.com\/it\/wp-json\/wp\/v2\/comments?post=332"}],"version-history":[{"count":116,"href":"https:\/\/www.carboflotta.com\/it\/wp-json\/wp\/v2\/pages\/332\/revisions"}],"predecessor-version":[{"id":3271,"href":"https:\/\/www.carboflotta.com\/it\/wp-json\/wp\/v2\/pages\/332\/revisions\/3271"}],"wp:attachment":[{"href":"https:\/\/www.carboflotta.com\/it\/wp-json\/wp\/v2\/media?parent=332"}],"curies":[{"name":"wp","href":"https:\/\/api.w.org\/{rel}","templated":true}]}}